{"id":23,"date":"2024-08-01T11:39:28","date_gmt":"2024-08-01T14:39:28","guid":{"rendered":"https:\/\/dev.viskoo.com.br\/ampla\/?page_id=23"},"modified":"2024-08-02T17:04:02","modified_gmt":"2024-08-02T20:04:02","slug":"combinado-roots","status":"publish","type":"page","link":"https:\/\/dev.viskoo.com.br\/ampla\/combinado-roots\/","title":{"rendered":"Combinado Roots"},"content":{"rendered":"\t\t<div data-elementor-type=\"wp-page\" data-elementor-id=\"23\" class=\"elementor elementor-23\" data-elementor-post-type=\"page\">\n\t\t\t\t<div class=\"elementor-element elementor-element-d55f8c8 e-flex e-con-boxed e-con e-parent\" data-id=\"d55f8c8\" data-element_type=\"container\" data-settings=\"{&quot;background_background&quot;:&quot;classic&quot;}\">\n\t\t\t\t\t<div class=\"e-con-inner\">\n\t\t\t\t<div class=\"elementor-element elementor-element-703eb59 elementor-widget__width-initial elementor-widget elementor-widget-heading\" data-id=\"703eb59\" data-element_type=\"widget\" data-widget_type=\"heading.default\">\n\t\t\t\t<div class=\"elementor-widget-container\">\n\t\t\t<style>\/*! elementor - v3.23.0 - 25-07-2024 *\/\n.elementor-heading-title{padding:0;margin:0;line-height:1}.elementor-widget-heading .elementor-heading-title[class*=elementor-size-]>a{color:inherit;font-size:inherit;line-height:inherit}.elementor-widget-heading .elementor-heading-title.elementor-size-small{font-size:15px}.elementor-widget-heading .elementor-heading-title.elementor-size-medium{font-size:19px}.elementor-widget-heading .elementor-heading-title.elementor-size-large{font-size:29px}.elementor-widget-heading .elementor-heading-title.elementor-size-xl{font-size:39px}.elementor-widget-heading .elementor-heading-title.elementor-size-xxl{font-size:59px}<\/style><h1 class=\"elementor-heading-title elementor-size-default\">Equipamento Combinado Roots<\/h1>\t\t<\/div>\n\t\t\t\t<\/div>\n\t\t\t\t\t<\/div>\n\t\t\t\t<\/div>\n\t\t<div class=\"elementor-element elementor-element-58dc7b1 e-flex e-con-boxed e-con e-parent\" data-id=\"58dc7b1\" data-element_type=\"container\">\n\t\t\t\t\t<div class=\"e-con-inner\">\n\t\t<div class=\"elementor-element elementor-element-537eecc e-con-full e-flex e-con e-child\" data-id=\"537eecc\" data-element_type=\"container\">\n\t\t\t\t<div class=\"elementor-element elementor-element-ac867aa elementor-widget elementor-widget-text-editor\" data-id=\"ac867aa\" data-element_type=\"widget\" data-widget_type=\"text-editor.default\">\n\t\t\t\t<div class=\"elementor-widget-container\">\n\t\t\t<style>\/*! elementor - v3.23.0 - 25-07-2024 *\/\n.elementor-widget-text-editor.elementor-drop-cap-view-stacked .elementor-drop-cap{background-color:#69727d;color:#fff}.elementor-widget-text-editor.elementor-drop-cap-view-framed .elementor-drop-cap{color:#69727d;border:3px solid;background-color:transparent}.elementor-widget-text-editor:not(.elementor-drop-cap-view-default) .elementor-drop-cap{margin-top:8px}.elementor-widget-text-editor:not(.elementor-drop-cap-view-default) .elementor-drop-cap-letter{width:1em;height:1em}.elementor-widget-text-editor .elementor-drop-cap{float:left;text-align:center;line-height:1;font-size:50px}.elementor-widget-text-editor .elementor-drop-cap-letter{display:inline-block}<\/style>\t\t\t\t<ul><li>Tanque com divis\u00f3ria, sendo uma para hidro e outra para detritos, dimensionado conforme a necessidade do cliente.<\/li><li>Bra\u00e7o telesc\u00f3pico totalmente automatizado, com controle remoto at\u00e9 10 metros de dist\u00e2ncia do equipamento, pode usar mangote de 4&#8243; at\u00e9 8&#8243;, avan\u00e7o de 1,5 metros, giro de 270\u00ba e angula\u00e7\u00e3o de 30\u00ba, acionado hidraulicamente.<\/li><li>Tomada de For\u00e7a Integral de 3 sa\u00eddas.<\/li><li>Bomba Triplex de 200 Bar, com vaz\u00e3o de 212 litros por minuto a 1500 RPM, pedindo 110 HP.<\/li><li>Roots com sistemas de filtros, deslocamento de ar de 5.800 m\u00b3\/h, com silenciador de descarga.<\/li><li>Carretel hidr\u00e1ulico tipo bandeira, com junta rotativa, motor hidr\u00e1ulico, comando hidr\u00e1ulico, trava no grau de opera\u00e7\u00e3o, com protetor de corrente de coroa e pinh\u00e3o, guia para mangueira, capacidade de 120 metros de mangueira de 1&#8243;.<\/li><li>Carretel auxiliar mec\u00e2nico, para armazenar 30 metros de mangueira de 1\/2&#8243;, com pistola, junta rotativa, bicos para limpezas r\u00e1pidas.<\/li><li>Sistema hidr\u00e1ulico com reservat\u00f3rio de \u00f3leo, visor de n\u00edvel, e filtros compat\u00edveis, mais bomba hidr\u00e1ulica, pist\u00f5es e motores hidr\u00e1ulicos, v\u00e1lvulas de comando de sentido e velocidade.<\/li><\/ul>\t\t\t\t\t\t<\/div>\n\t\t\t\t<\/div>\n\t\t\t\t<\/div>\n\t\t<div class=\"elementor-element elementor-element-8a9914c e-con-full e-flex e-con e-child\" data-id=\"8a9914c\" data-element_type=\"container\">\n\t\t\t\t<div class=\"elementor-element elementor-element-5b9b2b6 elementor-widget elementor-widget-image\" data-id=\"5b9b2b6\" data-element_type=\"widget\" data-widget_type=\"image.default\">\n\t\t\t\t<div class=\"elementor-widget-container\">\n\t\t\t<style>\/*! elementor - v3.23.0 - 25-07-2024 *\/\n.elementor-widget-image{text-align:center}.elementor-widget-image a{display:inline-block}.elementor-widget-image a img[src$=\".svg\"]{width:48px}.elementor-widget-image img{vertical-align:middle;display:inline-block}<\/style>\t\t\t\t\t\t\t\t\t\t<img fetchpriority=\"high\" decoding=\"async\" width=\"800\" height=\"502\" src=\"https:\/\/dev.viskoo.com.br\/ampla\/wp-content\/uploads\/2024\/08\/Pagina-Equipamento-Combinado-roots.webp\" class=\"attachment-large size-large wp-image-98\" alt=\"\" srcset=\"https:\/\/dev.viskoo.com.br\/ampla\/wp-content\/uploads\/2024\/08\/Pagina-Equipamento-Combinado-roots.webp 960w, https:\/\/dev.viskoo.com.br\/ampla\/wp-content\/uploads\/2024\/08\/Pagina-Equipamento-Combinado-roots-300x188.webp 300w, https:\/\/dev.viskoo.com.br\/ampla\/wp-content\/uploads\/2024\/08\/Pagina-Equipamento-Combinado-roots-768x482.webp 768w\" sizes=\"(max-width: 800px) 100vw, 800px\" \/>\t\t\t\t\t\t\t\t\t\t\t\t\t<\/div>\n\t\t\t\t<\/div>\n\t\t\t\t<\/div>\n\t\t\t\t\t<\/div>\n\t\t\t\t<\/div>\n\t\t<div class=\"elementor-element elementor-element-6e04f26 e-flex e-con-boxed e-con e-parent\" data-id=\"6e04f26\" data-element_type=\"container\">\n\t\t\t\t\t<div class=\"e-con-inner\">\n\t\t\t\t<div class=\"elementor-element elementor-element-5bf3ff7 elementor-widget elementor-widget-heading\" data-id=\"5bf3ff7\" data-element_type=\"widget\" data-widget_type=\"heading.default\">\n\t\t\t\t<div class=\"elementor-widget-container\">\n\t\t\t<h2 class=\"elementor-heading-title elementor-size-default\">Transporte de \u00e1gua pot\u00e1vel, combate a inc\u00eandios, lavagens de ruas, irriga\u00e7\u00e3o de parques e jardins e assentamento de poeira.<\/h2>\t\t<\/div>\n\t\t\t\t<\/div>\n\t\t\t\t<div class=\"elementor-element elementor-element-9df3dd9 elementor-widget elementor-widget-heading\" data-id=\"9df3dd9\" data-element_type=\"widget\" data-widget_type=\"heading.default\">\n\t\t\t\t<div class=\"elementor-widget-container\">\n\t\t\t<h3 class=\"elementor-heading-title elementor-size-default\">Tanque<\/h3>\t\t<\/div>\n\t\t\t\t<\/div>\n\t\t\t\t<div class=\"elementor-element elementor-element-ba907fd elementor-widget elementor-widget-text-editor\" data-id=\"ba907fd\" data-element_type=\"widget\" data-widget_type=\"text-editor.default\">\n\t\t\t\t<div class=\"elementor-widget-container\">\n\t\t\t\t\t\t\t<ul><li>Modelo Eliptico (oval), Semi-El\u00edptico (Semi-oval) ou Gota Capacidade de acordo com a necessidade do cliente.<\/li><li>Totalmente constru\u00eddo em chapa de a\u00e7o carbono de 1a qualidade, cortado e calandrado a frio na espessura de 3,35 a 4,75mm para tampos dianteiro e traseiro e 3,00mm para restante do corpo inclusive quebra ondas, soldadas eletricamente com eletrodos<br \/>especiais de alta penetra\u00e7\u00e3o e veda\u00e7\u00e3o em solda dupla interna e externa, proporcionando uma adequada resist\u00eancia ao conjunto.<\/li><li>Tampos dianteiro, traseiro, divis\u00f5es e quebra-ondas cortadas com sistema CNC e dobradas pelo processo de rebordamento a frio.<\/li><li>Quebra-ondas colocadas no sentido transversal, com orif\u00edcio de 450mm central, sendo intercalados entre si e istanciados com no m\u00e1ximo 1500mm em conformidade com normas INMETRO.<\/li><li>Longarinas em a\u00e7o carbono o que oferece maior resist\u00eancia ao equipamento principalmente quando utilizado em terrenos acidentados. Fixa\u00e7\u00e3o do tanque sobre o chassi por meio de grampos a\u00e7o carbono redondo de 16mm.<\/li><li>Pintura Interna em tinta a base de resina ep\u00f3xi (epicotado) na cor azul piscina.<\/li><li>Pintura externa com fundo anticorrosivo em tinta Ep\u00f3xi e acabamento a base de poliuretano \u201cPU\u201d na cor Branco ou na cor solicitada pelo cliente no pedido, sem letreiros.<\/li><li>Todos equipamentos possui instala\u00e7\u00e3o el\u00e9trica completa embutidas em tubos de PVC e ilumina\u00e7\u00e3o com lanternas em LED, refletivos laterais e para-choque conforma norma CONTRAN, caixa de ferramentas, para-lamas pl\u00e1stico com para-barro de borracha e para-choque articul\u00e1vel homologado.<\/li><\/ul>\t\t\t\t\t\t<\/div>\n\t\t\t\t<\/div>\n\t\t\t\t<div class=\"elementor-element elementor-element-5a6114e elementor-widget elementor-widget-heading\" data-id=\"5a6114e\" data-element_type=\"widget\" data-widget_type=\"heading.default\">\n\t\t\t\t<div class=\"elementor-widget-container\">\n\t\t\t<p class=\"elementor-heading-title elementor-size-default\">Seu tanque pode ser equipado com os seguintes acess\u00f3rios:<\/p>\t\t<\/div>\n\t\t\t\t<\/div>\n\t\t<div class=\"elementor-element elementor-element-2015da5 e-con-full e-flex e-con e-child\" data-id=\"2015da5\" data-element_type=\"container\">\n\t\t\t\t<div class=\"elementor-element elementor-element-d453b3f elementor-widget__width-initial elementor-widget elementor-widget-image-box\" data-id=\"d453b3f\" data-element_type=\"widget\" data-widget_type=\"image-box.default\">\n\t\t\t\t<div class=\"elementor-widget-container\">\n\t\t\t<style>\/*! elementor - v3.23.0 - 25-07-2024 *\/\n.elementor-widget-image-box .elementor-image-box-content{width:100%}@media (min-width:768px){.elementor-widget-image-box.elementor-position-left .elementor-image-box-wrapper,.elementor-widget-image-box.elementor-position-right .elementor-image-box-wrapper{display:flex}.elementor-widget-image-box.elementor-position-right .elementor-image-box-wrapper{text-align:end;flex-direction:row-reverse}.elementor-widget-image-box.elementor-position-left .elementor-image-box-wrapper{text-align:start;flex-direction:row}.elementor-widget-image-box.elementor-position-top .elementor-image-box-img{margin:auto}.elementor-widget-image-box.elementor-vertical-align-top .elementor-image-box-wrapper{align-items:flex-start}.elementor-widget-image-box.elementor-vertical-align-middle .elementor-image-box-wrapper{align-items:center}.elementor-widget-image-box.elementor-vertical-align-bottom .elementor-image-box-wrapper{align-items:flex-end}}@media (max-width:767px){.elementor-widget-image-box .elementor-image-box-img{margin-left:auto!important;margin-right:auto!important;margin-bottom:15px}}.elementor-widget-image-box .elementor-image-box-img{display:inline-block}.elementor-widget-image-box .elementor-image-box-title a{color:inherit}.elementor-widget-image-box .elementor-image-box-wrapper{text-align:center}.elementor-widget-image-box .elementor-image-box-description{margin:0}<\/style><div class=\"elementor-image-box-wrapper\"><div class=\"elementor-image-box-content\"><h3 class=\"elementor-image-box-title\">CAIXA BOMBA (sem correias)<\/h3><p class=\"elementor-image-box-description\">Bomba centrifuga modelo caixa\/bomba com vaz\u00e3o de at\u00e9 100m3\/hr para recalque e 60m3\/hr para suc\u00e7\u00e3o.\nAcionada por tomada de for\u00e7a pneum\u00e1tica atrav\u00e9s de eixo card\u00e3 agr\u00edcola, com acionamento na cabine do veiculo. Possui 02 (duas) sa\u00eddas 2\u201d nas laterais sendo uma de cada lado por press\u00e3o bomba. 01 (uma) Suc\u00e7\u00e3o\ncompleta 2 1\/2\u201d com engate de alum\u00ednio. 01 mangote de 2 \u00bd\u201d x 6 mts que possibilita o auto carregamento em rios e lagos.<\/p><\/div><\/div>\t\t<\/div>\n\t\t\t\t<\/div>\n\t\t\t\t<div class=\"elementor-element elementor-element-38ce1bd elementor-widget__width-initial elementor-widget elementor-widget-image-box\" data-id=\"38ce1bd\" data-element_type=\"widget\" data-widget_type=\"image-box.default\">\n\t\t\t\t<div class=\"elementor-widget-container\">\n\t\t\t<div class=\"elementor-image-box-wrapper\"><div class=\"elementor-image-box-content\"><h3 class=\"elementor-image-box-title\">CARRETEL<\/h3><p class=\"elementor-image-box-description\">Constru\u00eddo com base de alum\u00ednio fundido com 20 mts de mangueira de borracha e diamentro de 1\" com esguicho regul\u00e1vel ( jato s\u00f3lido ou neblina) , com acionamento atrav\u00e9s do sistema de press\u00e3o da bomba \u00e9 utilizado para irriga\u00e7\u00e3o, lavagem de ruas de asfalto ou concreto, maquinas, ve\u00edculos e limpeza em geral.<\/p><\/div><\/div>\t\t<\/div>\n\t\t\t\t<\/div>\n\t\t\t\t<div class=\"elementor-element elementor-element-10e83c2 elementor-widget__width-initial elementor-widget elementor-widget-image-box\" data-id=\"10e83c2\" data-element_type=\"widget\" data-widget_type=\"image-box.default\">\n\t\t\t\t<div class=\"elementor-widget-container\">\n\t\t\t<div class=\"elementor-image-box-wrapper\"><div class=\"elementor-image-box-content\"><h3 class=\"elementor-image-box-title\">ENROLADOR<\/h3><p class=\"elementor-image-box-description\">Constru\u00eddo de a\u00e7o carbono com 15 mts de mangueira de borracha de diametro de 1\" com esguicho regul\u00e1vel ( jato s\u00f3lido ou neblina ), com acionamento atrav\u00e9s do sistema de press\u00e3o da bomba \u00e9 utilizado para irriga\u00e7\u00e3o, lavagem de ruas de asfalto ou concreto,  m\u00e1quinas, ve\u00edculos e limpeza em geral.<\/p><\/div><\/div>\t\t<\/div>\n\t\t\t\t<\/div>\n\t\t\t\t<div class=\"elementor-element elementor-element-9e1126b elementor-widget__width-initial elementor-widget elementor-widget-image-box\" data-id=\"9e1126b\" data-element_type=\"widget\" data-widget_type=\"image-box.default\">\n\t\t\t\t<div class=\"elementor-widget-container\">\n\t\t\t<div class=\"elementor-image-box-wrapper\"><div class=\"elementor-image-box-content\"><h3 class=\"elementor-image-box-title\">BICO DE PATO (Aspersor)<\/h3><p class=\"elementor-image-box-description\">Constru\u00eddo em aluminio com di\u00e2metro de 2\", pode ser instalado na traseira, lateral ou dianteira do veiculo, atingeum leque de 5mts de largura com acionamento na cabine atraves de sistema pneumatico, trabalha com sistema de press\u00e3o da bomba e \u00e9 utilizado para umedecimento ou encharcamento de solo para compacta\u00e7\u00e3o e constru\u00e7\u00e3o de estradas e aterros, irriga\u00e7\u00e3o de planta\u00e7\u00f5es e lavagem e ruas de concreto ou asfalto.<\/p><\/div><\/div>\t\t<\/div>\n\t\t\t\t<\/div>\n\t\t\t\t<div class=\"elementor-element elementor-element-e93074a elementor-widget__width-initial elementor-widget elementor-widget-image-box\" data-id=\"e93074a\" data-element_type=\"widget\" data-widget_type=\"image-box.default\">\n\t\t\t\t<div class=\"elementor-widget-container\">\n\t\t\t<div class=\"elementor-image-box-wrapper\"><div class=\"elementor-image-box-content\"><h3 class=\"elementor-image-box-title\">RABO DE PAV\u00c3O (Esparagidor traseiro)<\/h3><p class=\"elementor-image-box-description\">Constru\u00eddo em tubo de a\u00e7o carbono com di\u00e2metro de 2\", atinge um leque de at\u00e9 15 mts de largura com acionamento na cabine atrav\u00e9s de sistema pneum\u00e1tico, trabalha com sistema de press\u00e3o da bomba \u00e9 utilizado para umedecimento ou encharcamento de solo para compacta\u00e7\u00e3o e constru\u00e7\u00e3o de estradas e aterros, usado muito em terraplanagem.<\/p><\/div><\/div>\t\t<\/div>\n\t\t\t\t<\/div>\n\t\t\t\t<div class=\"elementor-element elementor-element-60acf97 elementor-widget__width-initial elementor-widget elementor-widget-image-box\" data-id=\"60acf97\" data-element_type=\"widget\" data-widget_type=\"image-box.default\">\n\t\t\t\t<div class=\"elementor-widget-container\">\n\t\t\t<div class=\"elementor-image-box-wrapper\"><div class=\"elementor-image-box-content\"><h3 class=\"elementor-image-box-title\">CANH\u00c3O MONITOR<\/h3><p class=\"elementor-image-box-description\">Constru\u00eddo em tubo de a\u00e7o carbono ou alum\u00ednio com di\u00e2metro de 2 1\/2\" com retorno de 2\" e v\u00e1lvula de al\u00edvio, trabalha com jato s\u00f3lido e neblina, atinge uma distancia de ate 40 mts com jato s\u00f3lido, seu acionamento \u00e9 feito no pr\u00f3prio equipamento, trabalha com sistema de press\u00e3o de bomba, \u00e9 utilizado para irriga\u00e7\u00e3o e combate \u00e1 inc\u00eandio.<\/p><\/div><\/div>\t\t<\/div>\n\t\t\t\t<\/div>\n\t\t\t\t<div class=\"elementor-element elementor-element-6025334 elementor-widget__width-initial elementor-widget elementor-widget-image-box\" data-id=\"6025334\" data-element_type=\"widget\" data-widget_type=\"image-box.default\">\n\t\t\t\t<div class=\"elementor-widget-container\">\n\t\t\t<div class=\"elementor-image-box-wrapper\"><div class=\"elementor-image-box-content\"><h3 class=\"elementor-image-box-title\">BARRA IRRIGADEIRA<\/h3><p class=\"elementor-image-box-description\">Tubo de a\u00e7o carbono com di\u00e2metro de 2 1\/2\" com 2200mm de largura com acionamento pneum\u00e1tico na cabine, trabalha pela gravidade (n\u00e3o necessita de bomba) \u00e9 utilizada para pr\u00e9 molhadura ou apaga poeira.<\/p><\/div><\/div>\t\t<\/div>\n\t\t\t\t<\/div>\n\t\t\t\t<\/div>\n\t\t\t\t\t<\/div>\n\t\t\t\t<\/div>\n\t\t\t\t<\/div>\n\t\t","protected":false},"excerpt":{"rendered":"<p>Equipamento Combinado Roots Tanque com divis\u00f3ria, sendo uma para hidro e outra para detritos, dimensionado conforme a necessidade do cliente. Bra\u00e7o telesc\u00f3pico totalmente automatizado, com controle remoto at\u00e9 10 metros de dist\u00e2ncia do equipamento, pode usar mangote de 4&#8243; at\u00e9 8&#8243;, avan\u00e7o de 1,5 metros, giro de 270\u00ba e angula\u00e7\u00e3o de 30\u00ba, acionado hidraulicamente. Tomada [&hellip;]<\/p>\n","protected":false},"author":1,"featured_media":0,"parent":0,"menu_order":0,"comment_status":"closed","ping_status":"closed","template":"","meta":{"footnotes":""},"class_list":["post-23","page","type-page","status-publish","hentry"],"_links":{"self":[{"href":"https:\/\/dev.viskoo.com.br\/ampla\/wp-json\/wp\/v2\/pages\/23","targetHints":{"allow":["GET"]}}],"collection":[{"href":"https:\/\/dev.viskoo.com.br\/ampla\/wp-json\/wp\/v2\/pages"}],"about":[{"href":"https:\/\/dev.viskoo.com.br\/ampla\/wp-json\/wp\/v2\/types\/page"}],"author":[{"embeddable":true,"href":"https:\/\/dev.viskoo.com.br\/ampla\/wp-json\/wp\/v2\/users\/1"}],"replies":[{"embeddable":true,"href":"https:\/\/dev.viskoo.com.br\/ampla\/wp-json\/wp\/v2\/comments?post=23"}],"version-history":[{"count":0,"href":"https:\/\/dev.viskoo.com.br\/ampla\/wp-json\/wp\/v2\/pages\/23\/revisions"}],"wp:attachment":[{"href":"https:\/\/dev.viskoo.com.br\/ampla\/wp-json\/wp\/v2\/media?parent=23"}],"curies":[{"name":"wp","href":"https:\/\/api.w.org\/{rel}","templated":true}]}}