{"id":25,"date":"2024-08-01T11:39:47","date_gmt":"2024-08-01T14:39:47","guid":{"rendered":"https:\/\/dev.viskoo.com.br\/ampla\/?page_id=25"},"modified":"2024-08-05T11:11:31","modified_gmt":"2024-08-05T14:11:31","slug":"equipamento-combinado","status":"publish","type":"page","link":"https:\/\/dev.viskoo.com.br\/ampla\/equipamento-combinado\/","title":{"rendered":"Equipamento Combinado"},"content":{"rendered":"\t\t<div data-elementor-type=\"wp-page\" data-elementor-id=\"25\" class=\"elementor elementor-25\" data-elementor-post-type=\"page\">\n\t\t\t\t<div class=\"elementor-element elementor-element-72e7ce5 e-flex e-con-boxed e-con e-parent\" data-id=\"72e7ce5\" data-element_type=\"container\" data-settings=\"{&quot;background_background&quot;:&quot;classic&quot;}\">\n\t\t\t\t\t<div class=\"e-con-inner\">\n\t\t\t\t<div class=\"elementor-element elementor-element-9f9e700 elementor-widget__width-initial elementor-widget elementor-widget-heading\" data-id=\"9f9e700\" data-element_type=\"widget\" data-widget_type=\"heading.default\">\n\t\t\t\t<div class=\"elementor-widget-container\">\n\t\t\t<style>\/*! elementor - v3.23.0 - 25-07-2024 *\/\n.elementor-heading-title{padding:0;margin:0;line-height:1}.elementor-widget-heading .elementor-heading-title[class*=elementor-size-]>a{color:inherit;font-size:inherit;line-height:inherit}.elementor-widget-heading .elementor-heading-title.elementor-size-small{font-size:15px}.elementor-widget-heading .elementor-heading-title.elementor-size-medium{font-size:19px}.elementor-widget-heading .elementor-heading-title.elementor-size-large{font-size:29px}.elementor-widget-heading .elementor-heading-title.elementor-size-xl{font-size:39px}.elementor-widget-heading .elementor-heading-title.elementor-size-xxl{font-size:59px}<\/style><h1 class=\"elementor-heading-title elementor-size-default\">Equipamento Combinado<\/h1>\t\t<\/div>\n\t\t\t\t<\/div>\n\t\t\t\t<div class=\"elementor-element elementor-element-9d7a403 elementor-widget__width-initial elementor-widget elementor-widget-heading\" data-id=\"9d7a403\" data-element_type=\"widget\" data-widget_type=\"heading.default\">\n\t\t\t\t<div class=\"elementor-widget-container\">\n\t\t\t<p class=\"elementor-heading-title elementor-size-default\">V\u00e1cuo\/Hidrojato<\/p>\t\t<\/div>\n\t\t\t\t<\/div>\n\t\t\t\t\t<\/div>\n\t\t\t\t<\/div>\n\t\t<div class=\"elementor-element elementor-element-cea2df6 e-flex e-con-boxed e-con e-parent\" data-id=\"cea2df6\" data-element_type=\"container\">\n\t\t\t\t\t<div class=\"e-con-inner\">\n\t\t<div class=\"elementor-element elementor-element-cff9822 e-con-full e-flex e-con e-child\" data-id=\"cff9822\" data-element_type=\"container\">\n\t\t\t\t<div class=\"elementor-element elementor-element-eb297c9 elementor-widget elementor-widget-heading\" data-id=\"eb297c9\" data-element_type=\"widget\" data-widget_type=\"heading.default\">\n\t\t\t\t<div class=\"elementor-widget-container\">\n\t\t\t<h2 class=\"elementor-heading-title elementor-size-default\">Para desobstru\u00e7\u00e3o e suc\u00e7\u00e3o de detritos<\/h2>\t\t<\/div>\n\t\t\t\t<\/div>\n\t\t\t\t<div class=\"elementor-element elementor-element-eb93516 elementor-widget elementor-widget-text-editor\" data-id=\"eb93516\" data-element_type=\"widget\" data-widget_type=\"text-editor.default\">\n\t\t\t\t<div class=\"elementor-widget-container\">\n\t\t\t<style>\/*! elementor - v3.23.0 - 25-07-2024 *\/\n.elementor-widget-text-editor.elementor-drop-cap-view-stacked .elementor-drop-cap{background-color:#69727d;color:#fff}.elementor-widget-text-editor.elementor-drop-cap-view-framed .elementor-drop-cap{color:#69727d;border:3px solid;background-color:transparent}.elementor-widget-text-editor:not(.elementor-drop-cap-view-default) .elementor-drop-cap{margin-top:8px}.elementor-widget-text-editor:not(.elementor-drop-cap-view-default) .elementor-drop-cap-letter{width:1em;height:1em}.elementor-widget-text-editor .elementor-drop-cap{float:left;text-align:center;line-height:1;font-size:50px}.elementor-widget-text-editor .elementor-drop-cap-letter{display:inline-block}<\/style>\t\t\t\t<ul><li>Montado de v\u00e1rias maneiras.<\/li><li>Tanque dividido (\u00e1gua limpa e detritos), ou permitindo a instala\u00e7\u00e3o do reservat\u00f3rio de \u00e1gua na lateral externa do tanque.<\/li><li>Carretel hidr\u00e1ulico ou manual (com v\u00e1rias op\u00e7\u00f5es de tamanhos para armazenamento de mangueiras), acionado atrav\u00e9s de bomba, comando e motor hidr\u00e1ulico.<\/li><li>Bomba de alta press\u00e3o de 1.500 a 3.600 PSI, com vaz\u00e3o de 100 a 400 litros por minuto, com acionamento atrav\u00e9s de tomada de for\u00e7a simples ou tomada de for\u00e7a integral, motor hidr\u00e1ulico ou motor estacion\u00e1rio.<\/li><li>Bomba de anel l\u00edquido de 6 a 35,5 m\u00b3 por minuto e deslocamento de ar, com press\u00e3o de 760 mhg, com acionamento igual a bomba de alta press\u00e3o.<\/li><\/ul>\t\t\t\t\t\t<\/div>\n\t\t\t\t<\/div>\n\t\t\t\t<\/div>\n\t\t<div class=\"elementor-element elementor-element-2fd78ce e-con-full e-flex e-con e-child\" data-id=\"2fd78ce\" data-element_type=\"container\">\n\t\t\t\t<div class=\"elementor-element elementor-element-edb6802 elementor-widget elementor-widget-image\" data-id=\"edb6802\" data-element_type=\"widget\" data-widget_type=\"image.default\">\n\t\t\t\t<div class=\"elementor-widget-container\">\n\t\t\t<style>\/*! elementor - v3.23.0 - 25-07-2024 *\/\n.elementor-widget-image{text-align:center}.elementor-widget-image a{display:inline-block}.elementor-widget-image a img[src$=\".svg\"]{width:48px}.elementor-widget-image img{vertical-align:middle;display:inline-block}<\/style>\t\t\t\t\t\t\t\t\t\t<img fetchpriority=\"high\" decoding=\"async\" width=\"800\" height=\"537\" src=\"https:\/\/dev.viskoo.com.br\/ampla\/wp-content\/uploads\/2024\/08\/pagina-equipamento-combinado.webp\" class=\"attachment-large size-large wp-image-145\" alt=\"\" srcset=\"https:\/\/dev.viskoo.com.br\/ampla\/wp-content\/uploads\/2024\/08\/pagina-equipamento-combinado.webp 960w, https:\/\/dev.viskoo.com.br\/ampla\/wp-content\/uploads\/2024\/08\/pagina-equipamento-combinado-300x201.webp 300w, https:\/\/dev.viskoo.com.br\/ampla\/wp-content\/uploads\/2024\/08\/pagina-equipamento-combinado-768x515.webp 768w\" sizes=\"(max-width: 800px) 100vw, 800px\" \/>\t\t\t\t\t\t\t\t\t\t\t\t\t<\/div>\n\t\t\t\t<\/div>\n\t\t\t\t<\/div>\n\t\t\t\t\t<\/div>\n\t\t\t\t<\/div>\n\t\t<div class=\"elementor-element elementor-element-69d8ca0 e-flex e-con-boxed e-con e-parent\" data-id=\"69d8ca0\" data-element_type=\"container\">\n\t\t\t\t\t<div class=\"e-con-inner\">\n\t\t\t\t<div class=\"elementor-element elementor-element-c4b63a2 elementor-widget elementor-widget-heading\" data-id=\"c4b63a2\" data-element_type=\"widget\" data-widget_type=\"heading.default\">\n\t\t\t\t<div class=\"elementor-widget-container\">\n\t\t\t<h2 class=\"elementor-heading-title elementor-size-default\">Equipamento para Limpeza e Desobstru\u00e7\u00e3o de Galerias.<\/h2>\t\t<\/div>\n\t\t\t\t<\/div>\n\t\t\t\t<div class=\"elementor-element elementor-element-d604ae5 elementor-widget elementor-widget-heading\" data-id=\"d604ae5\" data-element_type=\"widget\" data-widget_type=\"heading.default\">\n\t\t\t\t<div class=\"elementor-widget-container\">\n\t\t\t<h3 class=\"elementor-heading-title elementor-size-default\">Tanque<\/h3>\t\t<\/div>\n\t\t\t\t<\/div>\n\t\t\t\t<div class=\"elementor-element elementor-element-65aa91d elementor-widget elementor-widget-text-editor\" data-id=\"65aa91d\" data-element_type=\"widget\" data-widget_type=\"text-editor.default\">\n\t\t\t\t<div class=\"elementor-widget-container\">\n\t\t\t\t\t\t\t<ul><li>Tanque no formato cil\u00edndrico com capacidade total para 10.600 litros, podendo ser redimensionado de acordo com a necessidade do cliente. Fabricado em chapa de a\u00e7o carbono ASTM A36\/1020 com certificado de qualidade, de espessura 3\/16&#8243;. Com refor\u00e7os externos em an\u00e9is perfil U de 6&#8243;.<\/li><li>Sistema hidr\u00e1ulico para basculamento do tanque, atrav\u00e9s de pist\u00e3o telesc\u00f3pico de tr\u00eas est\u00e1gios, o que permite o tanque atingir uma inclina\u00e7\u00e3o de at\u00e9 45\u00ba com o chassi;<\/li><li>Soldado internamente pelo processo MIG e externamente pelo processo de Arco Submerso;<\/li><li>Tampo dianteiro e traseiro em formato abaulado toresf\u00e9rico. Sendo a tampa traseira articulada, disposta sobre dobradi\u00e7as superiores, com abertura por meio de pist\u00e3o hidr\u00e1ulico para limpeza interna. Seu travamento \u00e9 atrav\u00e9s de cunhas hidr\u00e1ulicas, com veda\u00e7\u00e3o por meio de borracha nitr\u00edlica SBR oca, que garante o n\u00e3o vazamento da carga;<\/li><li>Dividido internamente sendo 2.000 (dois mil) litros para \u00e1gua limpa do hidrojato, com:<\/li><li>Boca de visita \u00d8500mm para inspe\u00e7\u00e3o interna e abastecimento da \u00e1gua;<\/li><li>B\u00f3ia com contato el\u00e9trico para indica\u00e7\u00e3o de n\u00edvel baixo de \u00e1gua;<\/li><li>Registro lateral de \u00d82.1\/2&#8243; com junta Storz para abastecimento atrav\u00e9s de hidrante;<\/li><li>Sa\u00edda para alimenta\u00e7\u00e3o da bomba de alta press\u00e3o com registro de \u00d84&#8243; e filtro Y;<\/li><li>Registro de 1.1\/4\u201d para drenagem do compartimento.<\/li><li><strong>Sistema \u201cby-pass\u201d entre o compartimento de detritos, podendo ser utilizada toda a capacidade do tanque (2.000 litros de \u00e1gua limpa + 8.000 litros de detritos).<\/strong><\/li><\/ul>\t\t\t\t\t\t<\/div>\n\t\t\t\t<\/div>\n\t\t\t\t<div class=\"elementor-element elementor-element-295a7c1 elementor-widget elementor-widget-heading\" data-id=\"295a7c1\" data-element_type=\"widget\" data-widget_type=\"heading.default\">\n\t\t\t\t<div class=\"elementor-widget-container\">\n\t\t\t<p class=\"elementor-heading-title elementor-size-default\">OBSERVA\u00c7\u00c3O: As divis\u00f3rias \u00e1gua limpa e detritos, poder\u00e3o ser ajustadas em suas quantidades de acordo com a necessidade da autarquia, desde que se respeite o volume total de 10.000 litros na somat\u00f3ria das duas.<\/p>\t\t<\/div>\n\t\t\t\t<\/div>\n\t\t\t\t<div class=\"elementor-element elementor-element-b3b7d9d elementor-widget elementor-widget-text-editor\" data-id=\"b3b7d9d\" data-element_type=\"widget\" data-widget_type=\"text-editor.default\">\n\t\t\t\t<div class=\"elementor-widget-container\">\n\t\t\t\t\t\t\t<ul><li>Reservat\u00f3rio de detritos com 8.000 (oito mil) litros, sobrando 600 (seiscentos) litros para alimenta\u00e7\u00e3o da bomba de anel l\u00edquido;<\/li><li>Quebra-ondas equidistantes no interior do tanque, para acomoda\u00e7\u00e3o da carga enquanto o equipamento estiver em movimento;<\/li><li>Dois visores de n\u00edvel para aferi\u00e7\u00e3o da carga de detritos, em vidro temperado com pr\u00e1tico sistema de limpeza. Mais dois visores de coluna, sendo um para o compartimento de \u00e1gua do hidrojato, e outro para o reservat\u00f3rio da \u00e1gua que alimenta a bomba de anel l\u00edquido;<\/li><li>Tubula\u00e7\u00e3o de carga com registro de esfera \u00d84&#8243; de passagem plena e bocal de engate r\u00e1pido, localizado na parte lateral traseira;<\/li><li>Tubula\u00e7\u00e3o de descarga com registro de esfera \u00d84&#8243; de passagem plena na sa\u00edda e bocal de engate r\u00e1pido, posicionado no inferior da tampa traseira;<\/li><li>Carretel hidr\u00e1ulico tipo bandeira instalado na tampa traseira, com abertura atrav\u00e9s de pist\u00e3o hidr\u00e1ulico, equipado com guia para enrolamento da mangueira de modo a evitar o remonte e sobreposi\u00e7\u00e3o, com capacidade para armazenar 120 metros de mangueira 1&#8243; laranja especial. Acionado por meio de comando hidr\u00e1ulico no corpo do carretel, com motor hidr\u00e1ulico, junta rotativa, farol com foco dirig\u00edvel e protetor para corrente, coroa e pinh\u00e3o;<\/li><li>Carretel auxiliar mec\u00e2nico na lateral do equipamento, equipado com 40 metros de mangueira de 1\/2&#8243;, com linha em tubo ERMETO s\/costura de alta press\u00e3o e v\u00e1lvula de 3 vias de \u00be&#8221; com retorno;<\/li><li>Camp\u00e2nula superior \u00d8300mm, para bloqueio do sistema de v\u00e1cuo quando o tanque atingir o n\u00edvel m\u00e1ximo, por meio de esfera 4&#8243; de reten\u00e7\u00e3o em borracha SBR;<\/li><li>Sif\u00e3o depurador na lateral superior, em formato cil\u00edndrico com mano vacu\u00f4metro \u00d84&#8243; e dreno por registro de 1.1\/4&#8243;, que serve como filtro de l\u00edquidos e segundo sistema de seguran\u00e7a com esfera de reten\u00e7\u00e3o;<\/li><li>Biqueira para descarte dos dejetos, que ultrapassa o chassi, para quando feita a limpeza interna do tanque os res\u00edduos n\u00e3o caiam sobre o caminh\u00e3o, feita em a\u00e7o inox 304;<\/li><li>Para-choque articulado, aprovado pelo Inmetro sob n\u00ba. 00306\/07;<\/li><li>Protetores laterais no equipamento RESOLU\u00c7\u00c3O CONTRAN 323\/09;<\/li><li>Escada lateral, tipo marinheiro, com passadi\u00e7o antiderrapante para acesso \u00e0 parte superior do tanque;<\/li><li>Suporte para mangotes, para-lamas com para barro, protetores para lanternas, porta cones, suporte para extintor.<\/li><li>Filtro expiralado em inox para filtragem de l\u00edquidos objetivando a perman\u00eancia apenas dos res\u00edduos s\u00f3lidos otimizando espa\u00e7o e carga<\/li><li>Arm\u00e1rios laterais de 3.000mm de comprimento dotados de fechaduras e chaves individuais. Tudo conforme normas ABNT \u2013 CNT \u2013 INMETRO \u2013 E DNER. 2.<\/li><\/ul>\t\t\t\t\t\t<\/div>\n\t\t\t\t<\/div>\n\t\t<div class=\"elementor-element elementor-element-73e8875 e-con-full e-flex e-con e-child\" data-id=\"73e8875\" data-element_type=\"container\">\n\t\t\t\t<div class=\"elementor-element elementor-element-a760c8e elementor-widget__width-initial elementor-widget elementor-widget-image-box\" data-id=\"a760c8e\" data-element_type=\"widget\" data-widget_type=\"image-box.default\">\n\t\t\t\t<div class=\"elementor-widget-container\">\n\t\t\t<style>\/*! elementor - v3.23.0 - 25-07-2024 *\/\n.elementor-widget-image-box .elementor-image-box-content{width:100%}@media (min-width:768px){.elementor-widget-image-box.elementor-position-left .elementor-image-box-wrapper,.elementor-widget-image-box.elementor-position-right .elementor-image-box-wrapper{display:flex}.elementor-widget-image-box.elementor-position-right .elementor-image-box-wrapper{text-align:end;flex-direction:row-reverse}.elementor-widget-image-box.elementor-position-left .elementor-image-box-wrapper{text-align:start;flex-direction:row}.elementor-widget-image-box.elementor-position-top .elementor-image-box-img{margin:auto}.elementor-widget-image-box.elementor-vertical-align-top .elementor-image-box-wrapper{align-items:flex-start}.elementor-widget-image-box.elementor-vertical-align-middle .elementor-image-box-wrapper{align-items:center}.elementor-widget-image-box.elementor-vertical-align-bottom .elementor-image-box-wrapper{align-items:flex-end}}@media (max-width:767px){.elementor-widget-image-box .elementor-image-box-img{margin-left:auto!important;margin-right:auto!important;margin-bottom:15px}}.elementor-widget-image-box .elementor-image-box-img{display:inline-block}.elementor-widget-image-box .elementor-image-box-title a{color:inherit}.elementor-widget-image-box .elementor-image-box-wrapper{text-align:center}.elementor-widget-image-box .elementor-image-box-description{margin:0}<\/style><div class=\"elementor-image-box-wrapper\"><div class=\"elementor-image-box-content\"><h3 class=\"elementor-image-box-title\">BOMBA DE ANEL L\u00cdQUIDO - EURO VAC MODELO BAL 13.000 2.1.<\/h3><p class=\"elementor-image-box-description\"><ul>\n<li>Desenvolvida para trabalhar com deslocamento de ar de at\u00e9 13.000 litros por minuto, v\u00e1cuo \u00e0 700mm.hg (9,5 m.c.a.) e press\u00e3o positiva de at\u00e9 1,5 Bar, em rota\u00e7\u00e3o de 1.300 RPM, absorvendo 27 HP de pot\u00eancia;<\/li>\n<li>Capaz de sugar at\u00e9 10 metros de profundidade ao n\u00edvel do mar, e dist\u00e2ncia de at\u00e9 100 metros do equipamento ao local de suc\u00e7\u00e3o;<\/li>\n<li>Carca\u00e7a constru\u00edda em ferro fundido, rotor em a\u00e7o nodular, eixo em a\u00e7o 1020 embuchado com a\u00e7o inox, veda\u00e7\u00e3o por retentores, rolamentos lubrificados em banho de \u00f3leo;<\/li>\n<li>Refrigerada por meio da \u00e1gua que circula em seu interior, alimentada pelo reservat\u00f3rio de 600 litros feito dentro do tanque;<\/li>\n<li>Chave de revers\u00e3o (chave de 4 vias), que permite alternar entre v\u00e1cuo e press\u00e3o dentro do tanque, interligada entre tanque e bomba;<\/li>\n<li>Acionada pela caixa de transfer\u00eancia, com sistema de transmiss\u00e3o por polias e correias, com eixo, mancais e rolamentos na mesa da bomba.<\/li>\n<\/ul><\/p><\/div><\/div>\t\t<\/div>\n\t\t\t\t<\/div>\n\t\t\t\t<div class=\"elementor-element elementor-element-4587f5d elementor-widget__width-initial elementor-widget elementor-widget-image-box\" data-id=\"4587f5d\" data-element_type=\"widget\" data-widget_type=\"image-box.default\">\n\t\t\t\t<div class=\"elementor-widget-container\">\n\t\t\t<div class=\"elementor-image-box-wrapper\"><div class=\"elementor-image-box-content\"><h3 class=\"elementor-image-box-title\">BOMBA DE ALTA PRESS\u00c3O TRIPLEX<\/h3><p class=\"elementor-image-box-description\"><ul>\n<li>Para operar com vaz\u00e3o de 290 L\/min e press\u00e3o de trabalho m\u00e1xima de 190 Bar (2.755 Psi) pedindo 140 HP de pot\u00eancia para acionamento;<\/li>\n<li>Equipado com: v\u00e1lvula de seguran\u00e7a contra picos de press\u00e3o, v\u00e1lvula reguladora de press\u00e3o com ajuste fino, e man\u00f4metro para monitoramento da press\u00e3o;<\/li>\n<li>Acionada atrav\u00e9s de caixa de transfer\u00eancia com sistemas de transmiss\u00e3o, eixos e cardans.<\/li>\n<br>\nCAIXA DE TRANSFER\u00caNCIA\n<li>Caixa de transfer\u00eancia com 3 sa\u00eddas, sendo duas para acionamento das bombas, para trabalhar com pot\u00eancia de at\u00e9 150 HP em cada bomba acionada;<\/li>\n<li>Funciona com o movimento do cardam central acionado pela caixa de c\u00e2mbio, utilizando a pot\u00eancia integral do motor do caminh\u00e3o;<\/li>\n<li>O engate das engrenagens ocorre atrav\u00e9s dos cilindros pneum\u00e1ticos, na qual pode ser acionada cada sa\u00edda individualmente ou as tr\u00eas ao mesmo tempo. Com comando na cabine.<\/li>\n<\/ul><\/p><\/div><\/div>\t\t<\/div>\n\t\t\t\t<\/div>\n\t\t\t\t<div class=\"elementor-element elementor-element-334ce71 elementor-widget__width-initial elementor-widget elementor-widget-image-box\" data-id=\"334ce71\" data-element_type=\"widget\" data-widget_type=\"image-box.default\">\n\t\t\t\t<div class=\"elementor-widget-container\">\n\t\t\t<div class=\"elementor-image-box-wrapper\"><div class=\"elementor-image-box-content\"><h3 class=\"elementor-image-box-title\">SISTEMA HIDR\u00c1ULICO<\/h3><p class=\"elementor-image-box-description\">O sistema hidr\u00e1ulico \u00e9 composto por:\n<ul>\n<li>Bomba hidr\u00e1ulica de engrenagens;<\/li>\n<li>Motor hidr\u00e1ulico;<\/li>\n<li>Cilindro hidr\u00e1ulico telesc\u00f3pico de 3 est\u00e1gios para basculamento do tanque;<\/li>\n<li>Cilindro hidr\u00e1ulico de dupla a\u00e7\u00e3o para abertura e fechamento da tampa traseira;<\/li>\n<li>Cilindros hidr\u00e1ulicos de dupla a\u00e7\u00e3o para travamento\/destravamento da tampa traseira;<\/li>\n<li>Comando hidr\u00e1ulico de 3 elementos, com identifica\u00e7\u00e3o de cada alavanca;<\/li>\n<li>Reservat\u00f3rio de \u00f3leo compat\u00edvel com o sistema, com radiador, filtro de suc\u00e7\u00e3o e retorno;<\/li>\n<li>Todas as liga\u00e7\u00f5es por meio de tubos Ermeto s\/costura e mangueiras de alta press\u00e3o dimensionadas;<\/li>\n<\/ul><\/p><\/div><\/div>\t\t<\/div>\n\t\t\t\t<\/div>\n\t\t\t\t<div class=\"elementor-element elementor-element-19fe7ab elementor-widget__width-initial elementor-widget elementor-widget-image-box\" data-id=\"19fe7ab\" data-element_type=\"widget\" data-widget_type=\"image-box.default\">\n\t\t\t\t<div class=\"elementor-widget-container\">\n\t\t\t<div class=\"elementor-image-box-wrapper\"><div class=\"elementor-image-box-content\"><h3 class=\"elementor-image-box-title\">PAINEL DE COMANDO E CONTROLE<\/h3><p class=\"elementor-image-box-description\">Montado na lateral do equipamento, com todos os comandos identificados por plaquetas de alum\u00ednio gravadas em portugu\u00eas, e \u00e9 composto por:\n<ul>\n<li>Todos os comandos hidr\u00e1ulicos de acionamento do equipamento;<\/li>\n<li>Acelerador eletr\u00f4nico do equipamento;<\/li>\n<li>Tac\u00f4metro para controle da rota\u00e7\u00e3o do motor;<\/li>\n<li>Hor\u00edmetro de funcionamento do equipamento;<\/li>\n<li>Interruptor para os far\u00f3is auxiliares traseiros;<\/li>\n<li>\nInterruptor para o sinalizador rotativo (giroflex);<\/li>\n<\/ul><\/p><\/div><\/div>\t\t<\/div>\n\t\t\t\t<\/div>\n\t\t\t\t<div class=\"elementor-element elementor-element-5341e00 elementor-widget__width-initial elementor-widget elementor-widget-image-box\" data-id=\"5341e00\" data-element_type=\"widget\" data-widget_type=\"image-box.default\">\n\t\t\t\t<div class=\"elementor-widget-container\">\n\t\t\t<div class=\"elementor-image-box-wrapper\"><div class=\"elementor-image-box-content\"><h3 class=\"elementor-image-box-title\">ACESS\u00d3RIOS<\/h3><p class=\"elementor-image-box-description\"><ul>\n<li>120 metros de mangueira 1\", para press\u00e3o de trabalho 200 Bar e ruptura 500 Bar;<\/li>\n<li>40 metros de mangueira de alta press\u00e3o 1\/2\";<\/li>\n<li>Dois bicos de 1\" para desobstru\u00e7\u00f5es, sendo um para areia e outro para gordura;<\/li>\n<li>Um bico concentrado de 1\/2\", para lavagem de p\u00e1tios, pistas e fachadas;<\/li>\n<li>\nUm bico de 1\/2\" para pequenas desobstru\u00e7\u00f5es;<\/li>\n<li>Tomada de Mangote Macho (Bocal Engate de Mangote) de 4\";<\/li>\n<li>Giroflex na parte superior traseira;<\/li>\n<li>Farol com foco dirig\u00edvel no carretel, para trabalhos noturnos;<\/li>\n<li>Morsa n\u00ba. 3 para troca de bicos;<\/li>\n<li>Passadi\u00e7o com piso ante derrapante;<\/li>\n<li>Incluso Certificado CTPP (Certificado para o Transporte de Produtos Perigosos).<\/li>\n<\/ul><\/p><\/div><\/div>\t\t<\/div>\n\t\t\t\t<\/div>\n\t\t\t\t<div class=\"elementor-element elementor-element-945be3e elementor-widget__width-initial elementor-widget elementor-widget-image-box\" data-id=\"945be3e\" data-element_type=\"widget\" data-widget_type=\"image-box.default\">\n\t\t\t\t<div class=\"elementor-widget-container\">\n\t\t\t<div class=\"elementor-image-box-wrapper\"><div class=\"elementor-image-box-content\"><h3 class=\"elementor-image-box-title\">PINTURA<\/h3><p class=\"elementor-image-box-description\"><ul>\n<li>Prepara\u00e7\u00e3o da chaparia com lixamento e decapantes;<\/li>\n<li>\nAplica\u00e7\u00e3o interna com fundo Ep\u00f3xi contra corros\u00e3o;<\/li>\n<li>Aplica\u00e7\u00e3o externa de fundo com duas dem\u00e3os de primer contra corros\u00e3o;<\/li>\n<li>Aplica\u00e7\u00e3o externa de acabamento com duas dem\u00e3os de esmalte sint\u00e9tico PU automotivo, escolhido em uma s\u00f3 cor de sua prefer\u00eancia;<\/li>\n<li>\nFaixas refletivas em todo entorno do tanque e para-choque.<\/li>\n<\/ul><\/p><\/div><\/div>\t\t<\/div>\n\t\t\t\t<\/div>\n\t\t\t\t<div class=\"elementor-element elementor-element-66c48f0 elementor-widget__width-initial elementor-widget elementor-widget-image-box\" data-id=\"66c48f0\" data-element_type=\"widget\" data-widget_type=\"image-box.default\">\n\t\t\t\t<div class=\"elementor-widget-container\">\n\t\t\t<div class=\"elementor-image-box-wrapper\"><div class=\"elementor-image-box-content\"><h3 class=\"elementor-image-box-title\">SOMOS CERTIFICADOS COM:<\/h3><p class=\"elementor-image-box-description\">Certifica\u00e7\u00e3o do INMETRO para fabrica\u00e7\u00e3o de Tanques Rodovi\u00e1rios para Produtos Perigosos, sob Registro n\u00ba 005772\/2019; \u2022 CAT n\u00ba. 0074\/17 \u2013 Certificado de Adequa\u00e7\u00e3o \u00e0 Legisla\u00e7\u00e3o de Tr\u00e2nsito; \u2022 CCT n\u00ba. 032\/2017 \u2013 Certificado de Capacita\u00e7\u00e3o T\u00e9cnica expedido pelo DETRAN; \u2022 ABNT sob insc. ABNT-NBR 13399 C\u00f3digo NIEV SP05P; \u2022 Aprova\u00e7\u00e3o de para-choque n\u00ba. 0204699 e protetores laterais resolu\u00e7\u00e3o CONTRAN 323\/09; \u2022 Todos os processos juntos a ANFIR: Assoc. Nac. dos Fabricantes de Implementos Rodovi\u00e1rios.<\/p><\/div><\/div>\t\t<\/div>\n\t\t\t\t<\/div>\n\t\t\t\t<\/div>\n\t\t\t\t\t<\/div>\n\t\t\t\t<\/div>\n\t\t\t\t<\/div>\n\t\t","protected":false},"excerpt":{"rendered":"<p>Equipamento Combinado V\u00e1cuo\/Hidrojato Para desobstru\u00e7\u00e3o e suc\u00e7\u00e3o de detritos Montado de v\u00e1rias maneiras. Tanque dividido (\u00e1gua limpa e detritos), ou permitindo a instala\u00e7\u00e3o do reservat\u00f3rio de \u00e1gua na lateral externa do tanque. Carretel hidr\u00e1ulico ou manual (com v\u00e1rias op\u00e7\u00f5es de tamanhos para armazenamento de mangueiras), acionado atrav\u00e9s de bomba, comando e motor hidr\u00e1ulico. Bomba de [&hellip;]<\/p>\n","protected":false},"author":1,"featured_media":0,"parent":0,"menu_order":0,"comment_status":"closed","ping_status":"closed","template":"","meta":{"footnotes":""},"class_list":["post-25","page","type-page","status-publish","hentry"],"_links":{"self":[{"href":"https:\/\/dev.viskoo.com.br\/ampla\/wp-json\/wp\/v2\/pages\/25","targetHints":{"allow":["GET"]}}],"collection":[{"href":"https:\/\/dev.viskoo.com.br\/ampla\/wp-json\/wp\/v2\/pages"}],"about":[{"href":"https:\/\/dev.viskoo.com.br\/ampla\/wp-json\/wp\/v2\/types\/page"}],"author":[{"embeddable":true,"href":"https:\/\/dev.viskoo.com.br\/ampla\/wp-json\/wp\/v2\/users\/1"}],"replies":[{"embeddable":true,"href":"https:\/\/dev.viskoo.com.br\/ampla\/wp-json\/wp\/v2\/comments?post=25"}],"version-history":[{"count":0,"href":"https:\/\/dev.viskoo.com.br\/ampla\/wp-json\/wp\/v2\/pages\/25\/revisions"}],"wp:attachment":[{"href":"https:\/\/dev.viskoo.com.br\/ampla\/wp-json\/wp\/v2\/media?parent=25"}],"curies":[{"name":"wp","href":"https:\/\/api.w.org\/{rel}","templated":true}]}}