{"id":27,"date":"2024-08-01T11:40:07","date_gmt":"2024-08-01T14:40:07","guid":{"rendered":"https:\/\/dev.viskoo.com.br\/ampla\/?page_id=27"},"modified":"2024-08-05T11:15:43","modified_gmt":"2024-08-05T14:15:43","slug":"equipamento-vacuo","status":"publish","type":"page","link":"https:\/\/dev.viskoo.com.br\/ampla\/equipamento-vacuo\/","title":{"rendered":"Equipamento V\u00e1cuo"},"content":{"rendered":"\t\t<div data-elementor-type=\"wp-page\" data-elementor-id=\"27\" class=\"elementor elementor-27\" data-elementor-post-type=\"page\">\n\t\t\t\t<div class=\"elementor-element elementor-element-324e6df e-flex e-con-boxed e-con e-parent\" data-id=\"324e6df\" data-element_type=\"container\" data-settings=\"{&quot;background_background&quot;:&quot;classic&quot;}\">\n\t\t\t\t\t<div class=\"e-con-inner\">\n\t\t\t\t<div class=\"elementor-element elementor-element-24d324a elementor-widget__width-initial elementor-widget elementor-widget-heading\" data-id=\"24d324a\" data-element_type=\"widget\" data-widget_type=\"heading.default\">\n\t\t\t\t<div class=\"elementor-widget-container\">\n\t\t\t<style>\/*! elementor - v3.23.0 - 25-07-2024 *\/\n.elementor-heading-title{padding:0;margin:0;line-height:1}.elementor-widget-heading .elementor-heading-title[class*=elementor-size-]>a{color:inherit;font-size:inherit;line-height:inherit}.elementor-widget-heading .elementor-heading-title.elementor-size-small{font-size:15px}.elementor-widget-heading .elementor-heading-title.elementor-size-medium{font-size:19px}.elementor-widget-heading .elementor-heading-title.elementor-size-large{font-size:29px}.elementor-widget-heading .elementor-heading-title.elementor-size-xl{font-size:39px}.elementor-widget-heading .elementor-heading-title.elementor-size-xxl{font-size:59px}<\/style><h1 class=\"elementor-heading-title elementor-size-default\">Equipamento V\u00e1cuo<\/h1>\t\t<\/div>\n\t\t\t\t<\/div>\n\t\t\t\t\t<\/div>\n\t\t\t\t<\/div>\n\t\t<div class=\"elementor-element elementor-element-9c26bb6 e-flex e-con-boxed e-con e-parent\" data-id=\"9c26bb6\" data-element_type=\"container\">\n\t\t\t\t\t<div class=\"e-con-inner\">\n\t\t<div class=\"elementor-element elementor-element-a57fbed e-con-full e-flex e-con e-child\" data-id=\"a57fbed\" data-element_type=\"container\">\n\t\t\t\t<div class=\"elementor-element elementor-element-9cc0b5b elementor-widget elementor-widget-heading\" data-id=\"9cc0b5b\" data-element_type=\"widget\" data-widget_type=\"heading.default\">\n\t\t\t\t<div class=\"elementor-widget-container\">\n\t\t\t<h2 class=\"elementor-heading-title elementor-size-default\">Para esgotamento de fossas, caixas de gordura, tanques de decanta\u00e7\u00e3o, desentupimento, transportes de res\u00edduos qu\u00edmicos, drenagens, irriga\u00e7\u00f5es entre outros.<\/h2>\t\t<\/div>\n\t\t\t\t<\/div>\n\t\t\t\t<div class=\"elementor-element elementor-element-9b7f9b0 elementor-widget elementor-widget-text-editor\" data-id=\"9b7f9b0\" data-element_type=\"widget\" data-widget_type=\"text-editor.default\">\n\t\t\t\t<div class=\"elementor-widget-container\">\n\t\t\t<style>\/*! elementor - v3.23.0 - 25-07-2024 *\/\n.elementor-widget-text-editor.elementor-drop-cap-view-stacked .elementor-drop-cap{background-color:#69727d;color:#fff}.elementor-widget-text-editor.elementor-drop-cap-view-framed .elementor-drop-cap{color:#69727d;border:3px solid;background-color:transparent}.elementor-widget-text-editor:not(.elementor-drop-cap-view-default) .elementor-drop-cap{margin-top:8px}.elementor-widget-text-editor:not(.elementor-drop-cap-view-default) .elementor-drop-cap-letter{width:1em;height:1em}.elementor-widget-text-editor .elementor-drop-cap{float:left;text-align:center;line-height:1;font-size:50px}.elementor-widget-text-editor .elementor-drop-cap-letter{display:inline-block}<\/style>\t\t\t\t<ul><li>Tanque com capacidade de 3.000 a 20.000 litros, cil\u00edndricos, fixo ou bascul\u00e1vel, com tampos toriesf\u00e9ricos em chapa de a\u00e7o carbono SAE 1020, espessura 3\/16\u00a8, soldado internamente e externamente pelo processo MIG, com refor\u00e7o externo em an\u00e9is perfil U. Dentro do tanque s\u00e3o instaladas quebra-ondas equidistantes para a acomoda\u00e7\u00e3o da carga com o equipamento em movimento. Na parte traseira, o toriesf\u00e9rico funciona como tampa do tanque com a abertura bascul\u00e1vel ou lateral para a limpeza interna, vedado com borracha nitr\u00edlica com 4 volantes que garantem o n\u00e3o vazamento. Com 2 visores para aferi\u00e7\u00e3o da carga e caixa de ferramentas.<\/li><li>Na parte traseira acompanha uma biqueira para ser utilizada na limpeza interna do tanque para que os res\u00edduos n\u00e3o caiam sobre o chassi do caminh\u00e3o, al\u00e9m de para-choque, conforme normas da ABNT, CNT, INMETRO e DNER.<\/li><li>Bomba de v\u00e1cuo de anel l\u00edquido de 6 a 35,5 m\u00b3 por minuto, com press\u00e3o de v\u00e1cuo a 760 mhg, com acionamento pela tomada de for\u00e7a acoplada ao c\u00e2mbio.<\/li><\/ul>\t\t\t\t\t\t<\/div>\n\t\t\t\t<\/div>\n\t\t\t\t<\/div>\n\t\t<div class=\"elementor-element elementor-element-5cbc7eb e-con-full e-flex e-con e-child\" data-id=\"5cbc7eb\" data-element_type=\"container\">\n\t\t\t\t<div class=\"elementor-element elementor-element-4957a60 elementor-widget elementor-widget-image\" data-id=\"4957a60\" data-element_type=\"widget\" data-widget_type=\"image.default\">\n\t\t\t\t<div class=\"elementor-widget-container\">\n\t\t\t<style>\/*! elementor - v3.23.0 - 25-07-2024 *\/\n.elementor-widget-image{text-align:center}.elementor-widget-image a{display:inline-block}.elementor-widget-image a img[src$=\".svg\"]{width:48px}.elementor-widget-image img{vertical-align:middle;display:inline-block}<\/style>\t\t\t\t\t\t\t\t\t\t<img fetchpriority=\"high\" decoding=\"async\" width=\"800\" height=\"545\" src=\"https:\/\/dev.viskoo.com.br\/ampla\/wp-content\/uploads\/2024\/08\/pagina-equipamento-vacuo.webp\" class=\"attachment-large size-large wp-image-149\" alt=\"\" srcset=\"https:\/\/dev.viskoo.com.br\/ampla\/wp-content\/uploads\/2024\/08\/pagina-equipamento-vacuo.webp 858w, https:\/\/dev.viskoo.com.br\/ampla\/wp-content\/uploads\/2024\/08\/pagina-equipamento-vacuo-300x205.webp 300w, https:\/\/dev.viskoo.com.br\/ampla\/wp-content\/uploads\/2024\/08\/pagina-equipamento-vacuo-768x524.webp 768w\" sizes=\"(max-width: 800px) 100vw, 800px\" \/>\t\t\t\t\t\t\t\t\t\t\t\t\t<\/div>\n\t\t\t\t<\/div>\n\t\t\t\t<\/div>\n\t\t\t\t\t<\/div>\n\t\t\t\t<\/div>\n\t\t\t\t<\/div>\n\t\t","protected":false},"excerpt":{"rendered":"<p>Equipamento V\u00e1cuo Para esgotamento de fossas, caixas de gordura, tanques de decanta\u00e7\u00e3o, desentupimento, transportes de res\u00edduos qu\u00edmicos, drenagens, irriga\u00e7\u00f5es entre outros. Tanque com capacidade de 3.000 a 20.000 litros, cil\u00edndricos, fixo ou bascul\u00e1vel, com tampos toriesf\u00e9ricos em chapa de a\u00e7o carbono SAE 1020, espessura 3\/16\u00a8, soldado internamente e externamente pelo processo MIG, com refor\u00e7o externo [&hellip;]<\/p>\n","protected":false},"author":1,"featured_media":0,"parent":0,"menu_order":0,"comment_status":"closed","ping_status":"closed","template":"","meta":{"footnotes":""},"class_list":["post-27","page","type-page","status-publish","hentry"],"_links":{"self":[{"href":"https:\/\/dev.viskoo.com.br\/ampla\/wp-json\/wp\/v2\/pages\/27","targetHints":{"allow":["GET"]}}],"collection":[{"href":"https:\/\/dev.viskoo.com.br\/ampla\/wp-json\/wp\/v2\/pages"}],"about":[{"href":"https:\/\/dev.viskoo.com.br\/ampla\/wp-json\/wp\/v2\/types\/page"}],"author":[{"embeddable":true,"href":"https:\/\/dev.viskoo.com.br\/ampla\/wp-json\/wp\/v2\/users\/1"}],"replies":[{"embeddable":true,"href":"https:\/\/dev.viskoo.com.br\/ampla\/wp-json\/wp\/v2\/comments?post=27"}],"version-history":[{"count":0,"href":"https:\/\/dev.viskoo.com.br\/ampla\/wp-json\/wp\/v2\/pages\/27\/revisions"}],"wp:attachment":[{"href":"https:\/\/dev.viskoo.com.br\/ampla\/wp-json\/wp\/v2\/media?parent=27"}],"curies":[{"name":"wp","href":"https:\/\/api.w.org\/{rel}","templated":true}]}}