{"id":35,"date":"2024-08-01T11:41:09","date_gmt":"2024-08-01T14:41:09","guid":{"rendered":"https:\/\/dev.viskoo.com.br\/ampla\/?page_id=35"},"modified":"2024-08-05T10:23:08","modified_gmt":"2024-08-05T13:23:08","slug":"abastecedor","status":"publish","type":"page","link":"https:\/\/dev.viskoo.com.br\/ampla\/abastecedor\/","title":{"rendered":"Abastecedor"},"content":{"rendered":"\t\t<div data-elementor-type=\"wp-page\" data-elementor-id=\"35\" class=\"elementor elementor-35\" data-elementor-post-type=\"page\">\n\t\t\t\t<div class=\"elementor-element elementor-element-6fa443c e-flex e-con-boxed e-con e-parent\" data-id=\"6fa443c\" data-element_type=\"container\" data-settings=\"{&quot;background_background&quot;:&quot;classic&quot;}\">\n\t\t\t\t\t<div class=\"e-con-inner\">\n\t\t\t\t<div class=\"elementor-element elementor-element-c833d41 elementor-widget__width-initial elementor-widget elementor-widget-heading\" data-id=\"c833d41\" data-element_type=\"widget\" data-widget_type=\"heading.default\">\n\t\t\t\t<div class=\"elementor-widget-container\">\n\t\t\t<style>\/*! elementor - v3.23.0 - 25-07-2024 *\/\n.elementor-heading-title{padding:0;margin:0;line-height:1}.elementor-widget-heading .elementor-heading-title[class*=elementor-size-]>a{color:inherit;font-size:inherit;line-height:inherit}.elementor-widget-heading .elementor-heading-title.elementor-size-small{font-size:15px}.elementor-widget-heading .elementor-heading-title.elementor-size-medium{font-size:19px}.elementor-widget-heading .elementor-heading-title.elementor-size-large{font-size:29px}.elementor-widget-heading .elementor-heading-title.elementor-size-xl{font-size:39px}.elementor-widget-heading .elementor-heading-title.elementor-size-xxl{font-size:59px}<\/style><h1 class=\"elementor-heading-title elementor-size-default\">Abastecedor<\/h1>\t\t<\/div>\n\t\t\t\t<\/div>\n\t\t\t\t\t<\/div>\n\t\t\t\t<\/div>\n\t\t<div class=\"elementor-element elementor-element-23b8352 e-flex e-con-boxed e-con e-parent\" data-id=\"23b8352\" data-element_type=\"container\">\n\t\t\t\t\t<div class=\"e-con-inner\">\n\t\t<div class=\"elementor-element elementor-element-5e80cb0 e-con-full e-flex e-con e-child\" data-id=\"5e80cb0\" data-element_type=\"container\">\n\t\t\t\t<div class=\"elementor-element elementor-element-6c27b57 elementor-widget elementor-widget-text-editor\" data-id=\"6c27b57\" data-element_type=\"widget\" data-widget_type=\"text-editor.default\">\n\t\t\t\t<div class=\"elementor-widget-container\">\n\t\t\t<style>\/*! elementor - v3.23.0 - 25-07-2024 *\/\n.elementor-widget-text-editor.elementor-drop-cap-view-stacked .elementor-drop-cap{background-color:#69727d;color:#fff}.elementor-widget-text-editor.elementor-drop-cap-view-framed .elementor-drop-cap{color:#69727d;border:3px solid;background-color:transparent}.elementor-widget-text-editor:not(.elementor-drop-cap-view-default) .elementor-drop-cap{margin-top:8px}.elementor-widget-text-editor:not(.elementor-drop-cap-view-default) .elementor-drop-cap-letter{width:1em;height:1em}.elementor-widget-text-editor .elementor-drop-cap{float:left;text-align:center;line-height:1;font-size:50px}.elementor-widget-text-editor .elementor-drop-cap-letter{display:inline-block}<\/style>\t\t\t\t<ul><li>Equipamento projetado para abastecimentos de frotas e maquin\u00e1rios em canteiro de obra e campo, com alto desempenho.<\/li><li>Constru\u00eddo em chapas de a\u00e7o A-36 (certificadas) atrav\u00e9s de processos de corte e dobra com maquinas com sistema CNC.<\/li><li>Arm\u00e1rios Blindados para evitar contamina\u00e7\u00f5es por poeira, sol e chuva.<\/li><li>Desenvolvido para os setores: Agr\u00edcola, Minera\u00e7\u00e3o, Florestal, Infraestrutura e Canavieiro.<\/li><li>Possui tanque para transporte e armazenagem de Diesel ou Biodiesel, sistema de abastecimento de diesel com filtro, medidor de litros de 100 lts\/min e carretel de 1&#8243; x 10 mts.<\/li><li>Suporte de cones, cal\u00e7os para rodas.<br \/>Guarda corpo conforme norma NR-12.<\/li><li>Para-choque traseiro homologado.<\/li><li>Protetor lateral ( ciclista ) homologado.<\/li><li>Acompanha CTPP do fabricante atendendo a Portaria 134 Anexo H de 2022.<br \/><br \/><strong>Fun\u00e7\u00f5es:<\/strong><\/li><li>Abastecimento de Diesel ou Biodiesel.<\/li><\/ul><div class=\"notranslate\" style=\"all: initial;\">\u00a0<\/div>\t\t\t\t\t\t<\/div>\n\t\t\t\t<\/div>\n\t\t\t\t<\/div>\n\t\t<div class=\"elementor-element elementor-element-8f2cd25 e-con-full e-flex e-con e-child\" data-id=\"8f2cd25\" data-element_type=\"container\">\n\t\t\t\t<div class=\"elementor-element elementor-element-86e131e elementor-widget elementor-widget-image\" data-id=\"86e131e\" data-element_type=\"widget\" data-widget_type=\"image.default\">\n\t\t\t\t<div class=\"elementor-widget-container\">\n\t\t\t<style>\/*! elementor - v3.23.0 - 25-07-2024 *\/\n.elementor-widget-image{text-align:center}.elementor-widget-image a{display:inline-block}.elementor-widget-image a img[src$=\".svg\"]{width:48px}.elementor-widget-image img{vertical-align:middle;display:inline-block}<\/style>\t\t\t\t\t\t\t\t\t\t<img fetchpriority=\"high\" decoding=\"async\" width=\"800\" height=\"460\" src=\"https:\/\/dev.viskoo.com.br\/ampla\/wp-content\/uploads\/2024\/08\/Abastecedor.webp\" class=\"attachment-large size-large wp-image-69\" alt=\"\" srcset=\"https:\/\/dev.viskoo.com.br\/ampla\/wp-content\/uploads\/2024\/08\/Abastecedor.webp 877w, https:\/\/dev.viskoo.com.br\/ampla\/wp-content\/uploads\/2024\/08\/Abastecedor-300x172.webp 300w, https:\/\/dev.viskoo.com.br\/ampla\/wp-content\/uploads\/2024\/08\/Abastecedor-768x441.webp 768w\" sizes=\"(max-width: 800px) 100vw, 800px\" \/>\t\t\t\t\t\t\t\t\t\t\t\t\t<\/div>\n\t\t\t\t<\/div>\n\t\t\t\t<\/div>\n\t\t\t\t\t<\/div>\n\t\t\t\t<\/div>\n\t\t\t\t<\/div>\n\t\t","protected":false},"excerpt":{"rendered":"<p>Abastecedor Equipamento projetado para abastecimentos de frotas e maquin\u00e1rios em canteiro de obra e campo, com alto desempenho. Constru\u00eddo em chapas de a\u00e7o A-36 (certificadas) atrav\u00e9s de processos de corte e dobra com maquinas com sistema CNC. Arm\u00e1rios Blindados para evitar contamina\u00e7\u00f5es por poeira, sol e chuva. Desenvolvido para os setores: Agr\u00edcola, Minera\u00e7\u00e3o, Florestal, Infraestrutura [&hellip;]<\/p>\n","protected":false},"author":1,"featured_media":0,"parent":0,"menu_order":0,"comment_status":"closed","ping_status":"closed","template":"","meta":{"footnotes":""},"class_list":["post-35","page","type-page","status-publish","hentry"],"_links":{"self":[{"href":"https:\/\/dev.viskoo.com.br\/ampla\/wp-json\/wp\/v2\/pages\/35","targetHints":{"allow":["GET"]}}],"collection":[{"href":"https:\/\/dev.viskoo.com.br\/ampla\/wp-json\/wp\/v2\/pages"}],"about":[{"href":"https:\/\/dev.viskoo.com.br\/ampla\/wp-json\/wp\/v2\/types\/page"}],"author":[{"embeddable":true,"href":"https:\/\/dev.viskoo.com.br\/ampla\/wp-json\/wp\/v2\/users\/1"}],"replies":[{"embeddable":true,"href":"https:\/\/dev.viskoo.com.br\/ampla\/wp-json\/wp\/v2\/comments?post=35"}],"version-history":[{"count":0,"href":"https:\/\/dev.viskoo.com.br\/ampla\/wp-json\/wp\/v2\/pages\/35\/revisions"}],"wp:attachment":[{"href":"https:\/\/dev.viskoo.com.br\/ampla\/wp-json\/wp\/v2\/media?parent=35"}],"curies":[{"name":"wp","href":"https:\/\/api.w.org\/{rel}","templated":true}]}}